{"id":27,"date":"2012-07-04T15:28:09","date_gmt":"2012-07-04T13:28:09","guid":{"rendered":"http:\/\/ouiouiblog.wordpress.com\/?page_id=2"},"modified":"2012-07-04T15:28:09","modified_gmt":"2012-07-04T13:28:09","slug":"about","status":"publish","type":"page","link":"https:\/\/oui-oui.es\/blog\/about\/","title":{"rendered":"Oui Oui"},"content":{"rendered":"<p style=\"text-align:center;\"><a href=\"https:\/\/oui-oui.es\/blog\/wp-content\/uploads\/marc3ada-gijc3b3n-oui-oui-tocado.jpg\"><img loading=\"lazy\" decoding=\"async\" class=\"aligncenter size-full wp-image-88\" title=\"Mar\u00eda Gij\u00f3n-OUI OUI-tocado\" alt=\"\" src=\"https:\/\/oui-oui.es\/blog\/wp-content\/uploads\/marc3ada-gijc3b3n-oui-oui-tocado.jpg\" width=\"529\" height=\"396\" srcset=\"https:\/\/oui-oui.es\/blog\/wp-content\/uploads\/marc3ada-gijc3b3n-oui-oui-tocado.jpg 720w, https:\/\/oui-oui.es\/blog\/wp-content\/uploads\/marc3ada-gijc3b3n-oui-oui-tocado-300x225.jpg 300w\" sizes=\"auto, (max-width: 529px) 100vw, 529px\" \/><\/a><\/p>\n<p style=\"text-align:center;\">Me llamo Mar\u00eda, desde siempre disfrut\u00e9 ayudando a amigos en la b\u00fasqueda del regalo id\u00f3neo para cada ocasi\u00f3n, con la organizaci\u00f3n y decoraci\u00f3n de momentos (desde una cena en pareja hasta una boda) o con recomendaciones gastron\u00f3micas.<\/p>\n<p style=\"text-align:center;\">En un principio canalic\u00e9 esa <em>afici\u00f3n<\/em> creando el blog <a href=\"http:\/\/superfluo-imprescindible.blogspot.com.es\/\" target=\"_blank\">Superfluo Imprescindible<\/a> y volcando mi \u00abGu\u00eda de Mar\u00eda\u00bb (otro d\u00eda contar\u00e9 su historia) en <a href=\"http:\/\/11870.com\/marie212\" target=\"_blank\">11870<\/a>.<\/p>\n<p style=\"text-align:center;\">Pero un d\u00eda, tras ocho a\u00f1os trabajando en el sector financiero, cay\u00f3 en mis manos el <a href=\"http:\/\/www.youtube.com\/watch?v=6zlHAiddNUY\" target=\"_blank\">discurso en Standford de Steve Jobs<\/a>, que recomiendo encarecidamente. Gracias a \u00e9l, \u00a0fui consciente de que eran demasiados los d\u00edas que iba al trabajo con la sensaci\u00f3n de que no era realmente lo que quer\u00eda hacer.<\/p>\n<p style=\"text-align:center;\">Era el momento de poner toda la energ\u00eda donde ya estaba puesta toda mi ilusi\u00f3n, era el momento de dar un paso m\u00e1s, lanzarme y emprender por mi cuenta.<\/p>\n<p style=\"text-align:center;\">Y as\u00ed naci\u00f3 Oui Oui, una tienda online que ver\u00e1 la luz pronto y cuya primera piedrecita es este blog, en el que podr\u00e1s encontrar ideas e inspiraci\u00f3n para llenar de detalles cada momento; una boda, una fiesta personalizada, un regalo diferente o ese toque que hace a una casa especial.<\/p>\n<p style=\"text-align:center;\">Si quieres ponerte en contacto con nosotros puedes hacerlo enviando un mail a ouidigame@oui-oui.es<\/p>\n","protected":false},"excerpt":{"rendered":"<p>Me llamo Mar\u00eda, desde siempre disfrut\u00e9 ayudando a amigos en la b\u00fasqueda del regalo id\u00f3neo para cada ocasi\u00f3n, con la organizaci\u00f3n y decoraci\u00f3n de momentos (desde una cena en pareja hasta una boda) o con recomendaciones gastron\u00f3micas. En un principio canalic\u00e9 esa afici\u00f3n creando el blog Superfluo Imprescindible y volcando mi \u00abGu\u00eda de Mar\u00eda\u00bb (otro [&hellip;]<\/p>\n","protected":false},"author":1,"featured_media":88,"parent":0,"menu_order":1,"comment_status":"open","ping_status":"closed","template":"","meta":{"jetpack_post_was_ever_published":false,"footnotes":""},"class_list":["post-27","page","type-page","status-publish","has-post-thumbnail","hentry"],"aioseo_notices":[],"jetpack_sharing_enabled":true,"jetpack-related-posts":[{"id":2900,"url":"https:\/\/oui-oui.es\/blog\/partners\/","url_meta":{"origin":27,"position":0},"title":"Partners","author":"Mar\u00eda \u2665Oui Oui\u2665","date":"5 agosto, 2015","format":false,"excerpt":"Escribiendo desde 2008 sobre temas de lifestyle, me encanta conocer marcas y proyectos nuevos, especialmente de temas de decoraci\u00f3n, gastro,bodas y fiestas, viajes y, por supuesto; de ni\u00f1os. Si crees que tu marca, negocio o producto cuadra con mi estilo de vida y con el del blog y te apetece\u2026","rel":"","context":"Entrada similar","block_context":{"text":"Entrada similar","link":""},"img":{"alt_text":"","src":"https:\/\/i0.wp.com\/oui-oui.es\/blog\/wp-content\/uploads\/2015\/08\/LuciaMphoto15_AireLOEWE_058.jpg?resize=350%2C200&ssl=1","width":350,"height":200,"srcset":"https:\/\/i0.wp.com\/oui-oui.es\/blog\/wp-content\/uploads\/2015\/08\/LuciaMphoto15_AireLOEWE_058.jpg?resize=350%2C200&ssl=1 1x, https:\/\/i0.wp.com\/oui-oui.es\/blog\/wp-content\/uploads\/2015\/08\/LuciaMphoto15_AireLOEWE_058.jpg?resize=525%2C300&ssl=1 1.5x, https:\/\/i0.wp.com\/oui-oui.es\/blog\/wp-content\/uploads\/2015\/08\/LuciaMphoto15_AireLOEWE_058.jpg?resize=700%2C400&ssl=1 2x, https:\/\/i0.wp.com\/oui-oui.es\/blog\/wp-content\/uploads\/2015\/08\/LuciaMphoto15_AireLOEWE_058.jpg?resize=1050%2C600&ssl=1 3x, https:\/\/i0.wp.com\/oui-oui.es\/blog\/wp-content\/uploads\/2015\/08\/LuciaMphoto15_AireLOEWE_058.jpg?resize=1400%2C800&ssl=1 4x"},"classes":[]},{"id":416,"url":"https:\/\/oui-oui.es\/blog\/puerta-para-el-ratoncito-perez\/","url_meta":{"origin":27,"position":1},"title":"Puertas para el Ratoncito P\u00e9rez","author":"Mar\u00eda \u2665Oui Oui\u2665","date":"12 enero, 2013","format":false,"excerpt":"Sin duda, las puertas para el ratoncito P\u00e9rez son parte del alma de Oui Oui, nacieron en diciembre de 2012 como fruto de una idea casual de mi padre, cuando a\u00fan la tienda no estaba ni abierta. En el mercadillo de DecorAcci\u00f3n de aqu\u00e9l diciembre nos colamos con las primeras\u2026","rel":"","context":"Con 4 comentarios","block_context":{"text":"Con 4 comentarios","link":"https:\/\/oui-oui.es\/blog\/puerta-para-el-ratoncito-perez\/#comments"},"img":{"alt_text":"","src":"https:\/\/i0.wp.com\/oui-oui.es\/blog\/wp-content\/uploads\/puertas-para-el-ratoncito-pc3a9rez-oui-oui-e1438679505964.jpg?resize=350%2C200&ssl=1","width":350,"height":200,"srcset":"https:\/\/i0.wp.com\/oui-oui.es\/blog\/wp-content\/uploads\/puertas-para-el-ratoncito-pc3a9rez-oui-oui-e1438679505964.jpg?resize=350%2C200&ssl=1 1x, https:\/\/i0.wp.com\/oui-oui.es\/blog\/wp-content\/uploads\/puertas-para-el-ratoncito-pc3a9rez-oui-oui-e1438679505964.jpg?resize=525%2C300&ssl=1 1.5x, https:\/\/i0.wp.com\/oui-oui.es\/blog\/wp-content\/uploads\/puertas-para-el-ratoncito-pc3a9rez-oui-oui-e1438679505964.jpg?resize=700%2C400&ssl=1 2x"},"classes":[]},{"id":2902,"url":"https:\/\/oui-oui.es\/blog\/quienes-somos\/","url_meta":{"origin":27,"position":2},"title":"Qui\u00e9nes somos","author":"Mar\u00eda \u2665Oui Oui\u2665","date":"5 agosto, 2015","format":false,"excerpt":"","rel":"","context":"Entrada similar","block_context":{"text":"Entrada similar","link":""},"img":{"alt_text":"","src":"","width":0,"height":0},"classes":[]}],"_links":{"self":[{"href":"https:\/\/oui-oui.es\/blog\/wp-json\/wp\/v2\/pages\/27","targetHints":{"allow":["GET"]}}],"collection":[{"href":"https:\/\/oui-oui.es\/blog\/wp-json\/wp\/v2\/pages"}],"about":[{"href":"https:\/\/oui-oui.es\/blog\/wp-json\/wp\/v2\/types\/page"}],"author":[{"embeddable":true,"href":"https:\/\/oui-oui.es\/blog\/wp-json\/wp\/v2\/users\/1"}],"replies":[{"embeddable":true,"href":"https:\/\/oui-oui.es\/blog\/wp-json\/wp\/v2\/comments?post=27"}],"version-history":[{"count":1,"href":"https:\/\/oui-oui.es\/blog\/wp-json\/wp\/v2\/pages\/27\/revisions"}],"predecessor-version":[{"id":2997,"href":"https:\/\/oui-oui.es\/blog\/wp-json\/wp\/v2\/pages\/27\/revisions\/2997"}],"wp:featuredmedia":[{"embeddable":true,"href":"https:\/\/oui-oui.es\/blog\/wp-json\/wp\/v2\/media\/88"}],"wp:attachment":[{"href":"https:\/\/oui-oui.es\/blog\/wp-json\/wp\/v2\/media?parent=27"}],"curies":[{"name":"wp","href":"https:\/\/api.w.org\/{rel}","templated":true}]}}